{"id":366,"date":"2017-02-03T09:48:10","date_gmt":"2017-02-03T08:48:10","guid":{"rendered":"http:\/\/ekenasvvs.fi\/hem\/"},"modified":"2022-12-07T09:28:53","modified_gmt":"2022-12-07T07:28:53","slug":"etusivu","status":"publish","type":"page","link":"https:\/\/www.ekenasvvs.fi\/fi\/","title":{"rendered":"Etusivu"},"content":{"rendered":"","protected":false},"excerpt":{"rendered":"","protected":false},"author":2,"featured_media":0,"parent":0,"menu_order":0,"comment_status":"closed","ping_status":"closed","template":"template_builder.php","meta":{"footnotes":""},"class_list":["post-366","page","type-page","status-publish","hentry","classic-edited"],"yoast_head":"<!-- This site is optimized with the Yoast SEO plugin v27.2 - https:\/\/yoast.com\/product\/yoast-seo-wordpress\/ -->\n<title>Eken\u00e4s VVS-service<\/title>\n<meta name=\"description\" content=\"Me tarjoamme monipuolista osaamista LVI-alalla, me hoidamme l\u00e4mmityksen, energiatekniikan ja kylpyhuoneet. P\u00e4\u00e4valikoimastamme l\u00f6ytyy kaikki tavallisimmat LVI -tuotteet \u2013 tietenkin kilpailukykyisin hinnoin.\" \/>\n<meta name=\"robots\" content=\"index, follow, max-snippet:-1, max-image-preview:large, max-video-preview:-1\" \/>\n<link rel=\"canonical\" href=\"https:\/\/www.ekenasvvs.fi\/fi\/\" \/>\n<meta property=\"og:locale\" content=\"fi_FI\" \/>\n<meta property=\"og:type\" content=\"article\" \/>\n<meta property=\"og:title\" content=\"Eken\u00e4s VVS-service\" \/>\n<meta property=\"og:description\" content=\"Me tarjoamme monipuolista osaamista LVI-alalla, me hoidamme l\u00e4mmityksen, energiatekniikan ja kylpyhuoneet. P\u00e4\u00e4valikoimastamme l\u00f6ytyy kaikki tavallisimmat LVI -tuotteet \u2013 tietenkin kilpailukykyisin hinnoin.\" \/>\n<meta property=\"og:url\" content=\"https:\/\/www.ekenasvvs.fi\/fi\/\" \/>\n<meta property=\"og:site_name\" content=\"Eken\u00e4s VVS-service\" \/>\n<meta property=\"article:publisher\" content=\"https:\/\/www.facebook.com\/EkenasVvsService\/\" \/>\n<meta property=\"article:modified_time\" content=\"2022-12-07T07:28:53+00:00\" \/>\n<meta name=\"twitter:card\" content=\"summary_large_image\" \/>\n<script type=\"application\/ld+json\" class=\"yoast-schema-graph\">{\"@context\":\"https:\/\/schema.org\",\"@graph\":[{\"@type\":\"WebPage\",\"@id\":\"https:\/\/www.ekenasvvs.fi\/fi\/\",\"url\":\"https:\/\/www.ekenasvvs.fi\/fi\/\",\"name\":\"Eken\u00e4s VVS-service\",\"isPartOf\":{\"@id\":\"https:\/\/www.ekenasvvs.fi\/#website\"},\"datePublished\":\"2017-02-03T08:48:10+00:00\",\"dateModified\":\"2022-12-07T07:28:53+00:00\",\"description\":\"Me tarjoamme monipuolista osaamista LVI-alalla, me hoidamme l\u00e4mmityksen, energiatekniikan ja kylpyhuoneet. P\u00e4\u00e4valikoimastamme l\u00f6ytyy kaikki tavallisimmat LVI -tuotteet \u2013 tietenkin kilpailukykyisin hinnoin.\",\"breadcrumb\":{\"@id\":\"https:\/\/www.ekenasvvs.fi\/fi\/#breadcrumb\"},\"inLanguage\":\"fi\",\"potentialAction\":[{\"@type\":\"ReadAction\",\"target\":[\"https:\/\/www.ekenasvvs.fi\/fi\/\"]}]},{\"@type\":\"BreadcrumbList\",\"@id\":\"https:\/\/www.ekenasvvs.fi\/fi\/#breadcrumb\",\"itemListElement\":[{\"@type\":\"ListItem\",\"position\":1,\"name\":\"Home\",\"item\":\"https:\/\/www.ekenasvvs.fi\/fi\/\"},{\"@type\":\"ListItem\",\"position\":2,\"name\":\"Etusivu\"}]},{\"@type\":\"WebSite\",\"@id\":\"https:\/\/www.ekenasvvs.fi\/#website\",\"url\":\"https:\/\/www.ekenasvvs.fi\/\",\"name\":\"Eken\u00e4s VVS-service\",\"description\":\"En till WordPress-webbplats\",\"potentialAction\":[{\"@type\":\"SearchAction\",\"target\":{\"@type\":\"EntryPoint\",\"urlTemplate\":\"https:\/\/www.ekenasvvs.fi\/?s={search_term_string}\"},\"query-input\":{\"@type\":\"PropertyValueSpecification\",\"valueRequired\":true,\"valueName\":\"search_term_string\"}}],\"inLanguage\":\"fi\"}]}<\/script>\n<!-- \/ Yoast SEO plugin. -->","yoast_head_json":{"title":"Eken\u00e4s VVS-service","description":"Me tarjoamme monipuolista osaamista LVI-alalla, me hoidamme l\u00e4mmityksen, energiatekniikan ja kylpyhuoneet. P\u00e4\u00e4valikoimastamme l\u00f6ytyy kaikki tavallisimmat LVI -tuotteet \u2013 tietenkin kilpailukykyisin hinnoin.","robots":{"index":"index","follow":"follow","max-snippet":"max-snippet:-1","max-image-preview":"max-image-preview:large","max-video-preview":"max-video-preview:-1"},"canonical":"https:\/\/www.ekenasvvs.fi\/fi\/","og_locale":"fi_FI","og_type":"article","og_title":"Eken\u00e4s VVS-service","og_description":"Me tarjoamme monipuolista osaamista LVI-alalla, me hoidamme l\u00e4mmityksen, energiatekniikan ja kylpyhuoneet. P\u00e4\u00e4valikoimastamme l\u00f6ytyy kaikki tavallisimmat LVI -tuotteet \u2013 tietenkin kilpailukykyisin hinnoin.","og_url":"https:\/\/www.ekenasvvs.fi\/fi\/","og_site_name":"Eken\u00e4s VVS-service","article_publisher":"https:\/\/www.facebook.com\/EkenasVvsService\/","article_modified_time":"2022-12-07T07:28:53+00:00","twitter_card":"summary_large_image","schema":{"@context":"https:\/\/schema.org","@graph":[{"@type":"WebPage","@id":"https:\/\/www.ekenasvvs.fi\/fi\/","url":"https:\/\/www.ekenasvvs.fi\/fi\/","name":"Eken\u00e4s VVS-service","isPartOf":{"@id":"https:\/\/www.ekenasvvs.fi\/#website"},"datePublished":"2017-02-03T08:48:10+00:00","dateModified":"2022-12-07T07:28:53+00:00","description":"Me tarjoamme monipuolista osaamista LVI-alalla, me hoidamme l\u00e4mmityksen, energiatekniikan ja kylpyhuoneet. P\u00e4\u00e4valikoimastamme l\u00f6ytyy kaikki tavallisimmat LVI -tuotteet \u2013 tietenkin kilpailukykyisin hinnoin.","breadcrumb":{"@id":"https:\/\/www.ekenasvvs.fi\/fi\/#breadcrumb"},"inLanguage":"fi","potentialAction":[{"@type":"ReadAction","target":["https:\/\/www.ekenasvvs.fi\/fi\/"]}]},{"@type":"BreadcrumbList","@id":"https:\/\/www.ekenasvvs.fi\/fi\/#breadcrumb","itemListElement":[{"@type":"ListItem","position":1,"name":"Home","item":"https:\/\/www.ekenasvvs.fi\/fi\/"},{"@type":"ListItem","position":2,"name":"Etusivu"}]},{"@type":"WebSite","@id":"https:\/\/www.ekenasvvs.fi\/#website","url":"https:\/\/www.ekenasvvs.fi\/","name":"Eken\u00e4s VVS-service","description":"En till WordPress-webbplats","potentialAction":[{"@type":"SearchAction","target":{"@type":"EntryPoint","urlTemplate":"https:\/\/www.ekenasvvs.fi\/?s={search_term_string}"},"query-input":{"@type":"PropertyValueSpecification","valueRequired":true,"valueName":"search_term_string"}}],"inLanguage":"fi"}]}},"_links":{"self":[{"href":"https:\/\/www.ekenasvvs.fi\/fi\/wp-json\/wp\/v2\/pages\/366","targetHints":{"allow":["GET"]}}],"collection":[{"href":"https:\/\/www.ekenasvvs.fi\/fi\/wp-json\/wp\/v2\/pages"}],"about":[{"href":"https:\/\/www.ekenasvvs.fi\/fi\/wp-json\/wp\/v2\/types\/page"}],"author":[{"embeddable":true,"href":"https:\/\/www.ekenasvvs.fi\/fi\/wp-json\/wp\/v2\/users\/2"}],"replies":[{"embeddable":true,"href":"https:\/\/www.ekenasvvs.fi\/fi\/wp-json\/wp\/v2\/comments?post=366"}],"version-history":[{"count":30,"href":"https:\/\/www.ekenasvvs.fi\/fi\/wp-json\/wp\/v2\/pages\/366\/revisions"}],"predecessor-version":[{"id":557,"href":"https:\/\/www.ekenasvvs.fi\/fi\/wp-json\/wp\/v2\/pages\/366\/revisions\/557"}],"wp:attachment":[{"href":"https:\/\/www.ekenasvvs.fi\/fi\/wp-json\/wp\/v2\/media?parent=366"}],"curies":[{"name":"wp","href":"https:\/\/api.w.org\/{rel}","templated":true}]}}